{"id":43,"date":"2013-11-06T01:43:15","date_gmt":"2013-11-06T00:43:15","guid":{"rendered":"http:\/\/w-herr.de\/wordpress\/?page_id=43"},"modified":"2020-05-27T21:43:38","modified_gmt":"2020-05-27T20:43:38","slug":"impressum","status":"publish","type":"page","link":"https:\/\/w-herr.de\/wordpress\/impressum\/","title":{"rendered":"Impressum"},"content":{"rendered":"<p><span style=\"text-decoration: underline;\"><strong>Domain<\/strong><\/span>: w-herr.de<\/p>\n<p><span style=\"text-decoration: underline;\"><strong>Verantwortlich, Inhaber der Domain<\/strong><\/span>:<\/p>\n<p>Wolfgang Herr<br \/>\nPfullendorfer Str. 5<br \/>\nD-99869 Westhausen<\/p>\n<p>Telefon: +49 36255 80615<br \/>\nMail: webmaster@w-herr.de<\/p>\n<p><span style=\"text-decoration: underline;\"><strong>Rechtliche Anmerkungen:<\/strong><\/span><br \/>\nEine Haftung f\u00fcr die Richtigkeit der Ver\u00f6ffentlichungen kann trotz sorgf\u00e4ltiger Recherche vom Herausgeber nicht \u00fcbernommen werden.<\/p>\n<p>Kein Teil dieser Publikation darf ohne eine ausdr\u00fcckliche schriftliche Genehmigung der Webseite unter\u00a0http:\/\/www.w-herr.de\u00a0in irgendeiner Form reproduziert oder unter Verwendung elektronischer Systeme verarbeitet, vervielf\u00e4ltigt oder verbreitet werden. Eine kommerzielle Nutzung der Publikation ist ausdr\u00fccklich nicht gestattet.<\/p>\n<p>S\u00e4mtliche Ver\u00f6ffentlichungen auf unserer Webseite\u00a0http:\/\/www.w-herr.de\u00a0erfolgen ohne Ber\u00fccksichtigung eines m\u00f6glichen Patentschutzes. Warennamen werden ohne Gew\u00e4hrleistung einer freien Verwendung benutzt.<\/p>\n<p><strong><span style=\"text-decoration: underline;\">Urheberrechtshinweis:<\/span><\/strong><br \/>\nAlle auf den Webseite\u00a0http:\/\/www.w-herr.de\u00a0dargestellten Inhalte und Daten genie\u00dfen urheberrechtlichen Schutz nach dem Urhebergesetz. Die ganz oder teilweise Reproduktion, Vervielf\u00e4ltigung, Verbreitung oder Ver\u00e4nderung d\u00fcrfen nur mit schriftlicher Genehmigung der Webseitenbetreiber von\u00a0http:\/\/www.w-herr.de\u00a0(siehe oben) vorgenommen werden.<\/p>\n<p>Die Copyrights f\u00fcr alle bearbeiteten Bilder, Grafiken und Texte, wenn nicht ausdr\u00fccklich anders erw\u00e4hnt, liegen bei den jeweiligen Autoren\/Rechteinhabern und ebenso die Haftung f\u00fcr das jeweils verwendete Material.<\/p>\n<p><strong><span style=\"text-decoration: underline;\">Wichtiger Hinweis!<\/span><\/strong><br \/>\nMit Urteil vom 12. Mai 1998 &#8211; 312 O 85\/98 &#8211; Haftung f\u00fcr Links hat das Landgericht Hamburg entschieden, dass man durch die Anbringung eines Links, die Inhalte der gelinkten Seite ggf. mit zu verantworten hat. Dies kann nur dadurch verhindert werden, dass man sich ausdr\u00fccklich von diesen Inhalten distanziert. Hiermit distanzieren wir uns f\u00fcr die Webseite w-herr.de. Wir haben keinerlei Einfluss auf die aktuelle und zuk\u00fcnftige Gestaltung und auf die Inhalte der gelinkten\/verkn\u00fcpften Seiten. Deshalb distanzieren wir uns hiermit ausdr\u00fccklich von allen Inhalten aller gelinkten\/verkn\u00fcpften Seiten, die nach der Linksetzung ver\u00e4ndert wurden. Diese Feststellung gilt f\u00fcr alle innerhalb des eigenen Internetangebotes gesetzten.<br \/>\nLinks und Verweise sowie f\u00fcr Fremdeintr\u00e4ge in von Webseite http:\/\/www.w-herr.de, eingerichteten G\u00e4steb\u00fcchern, Diskussionsforen und Mailinglisten. F\u00fcr illegale, fehlerhafte oder unvollst\u00e4ndige Inhalte und insbesondere f\u00fcr Sch\u00e4den, die aus der Nutzung oder Nichtnutzung solcher Art dargebotener Informationen entstehen, haftet allein der Anbieter der Seite, auf welche verwiesen wurde, nicht derjenige, der \u00fcber Links auf die jeweilige Ver\u00f6ffentlichung lediglich verweist.<\/p>\n<hr \/>\n<p>\u00a0<code><p>Wolfgang Herr<br \/>Pfullendorfer Str. <br \/>99869 Nessetal OT Westhausen<br \/>Deutschland<br \/>Email: <a href=\"mailto:webmaster@w-herr.de\">webmaster@w-herr.de<\/a><br \/>Telefon: +493625580615<\/p>\n<p>Verantwortlich f\u00fcr den Inhalt: Wolfgang Herr<\/p>\n<\/code><\/p>\n","protected":false},"excerpt":{"rendered":"<p>Domain: w-herr.de Verantwortlich, Inhaber der Domain: Wolfgang Herr Pfullendorfer Str. 5 D-99869 Westhausen Telefon: +49 36255 80615 Mail: webmaster@w-herr.de Rechtliche Anmerkungen: Eine Haftung f\u00fcr die Richtigkeit der Ver\u00f6ffentlichungen kann trotz sorgf\u00e4ltiger Recherche vom Herausgeber nicht \u00fcbernommen werden. Kein Teil dieser <a class=\"more-link\" href=\"https:\/\/w-herr.de\/wordpress\/impressum\/\"><span class=\"screen-reader-text\">  Impressum<\/span> weiterlesen<span class=\"meta-nav\">&rarr;<\/span><\/a><\/p>\n","protected":false},"author":1,"featured_media":0,"parent":0,"menu_order":100,"comment_status":"closed","ping_status":"closed","template":"","meta":{"footnotes":""},"class_list":["post-43","page","type-page","status-publish","hentry"],"yoast_head":"<!-- This site is optimized with the Yoast SEO plugin v27.5 - https:\/\/yoast.com\/product\/yoast-seo-wordpress\/ -->\n<title>Impressum | Wolfgang Herr<\/title>\n<meta name=\"description\" content=\"Wolfgang Herr - \u00fcber mich und mein Hobby!\" \/>\n<meta name=\"robots\" content=\"index, follow, max-snippet:-1, max-image-preview:large, max-video-preview:-1\" \/>\n<link rel=\"canonical\" href=\"https:\/\/w-herr.de\/wordpress\/impressum\/\" \/>\n<meta property=\"og:locale\" content=\"de_DE\" \/>\n<meta property=\"og:type\" content=\"article\" \/>\n<meta property=\"og:title\" content=\"Impressum | Wolfgang Herr\" \/>\n<meta property=\"og:description\" content=\"Wolfgang Herr - \u00fcber mich und mein Hobby!\" \/>\n<meta property=\"og:url\" content=\"https:\/\/w-herr.de\/wordpress\/impressum\/\" \/>\n<meta property=\"og:site_name\" content=\"Wolfgang Herr\" \/>\n<meta property=\"article:modified_time\" content=\"2020-05-27T20:43:38+00:00\" \/>\n<meta name=\"twitter:label1\" content=\"Gesch\u00e4tzte Lesezeit\" \/>\n\t<meta name=\"twitter:data1\" content=\"2\u00a0Minuten\" \/>\n<script type=\"application\/ld+json\" class=\"yoast-schema-graph\">{\"@context\":\"https:\\\/\\\/schema.org\",\"@graph\":[{\"@type\":\"WebPage\",\"@id\":\"https:\\\/\\\/w-herr.de\\\/wordpress\\\/impressum\\\/\",\"url\":\"https:\\\/\\\/w-herr.de\\\/wordpress\\\/impressum\\\/\",\"name\":\"Impressum | Wolfgang Herr\",\"isPartOf\":{\"@id\":\"https:\\\/\\\/w-herr.de\\\/wordpress\\\/#website\"},\"datePublished\":\"2013-11-06T00:43:15+00:00\",\"dateModified\":\"2020-05-27T20:43:38+00:00\",\"description\":\"Wolfgang Herr - \u00fcber mich und mein Hobby!\",\"breadcrumb\":{\"@id\":\"https:\\\/\\\/w-herr.de\\\/wordpress\\\/impressum\\\/#breadcrumb\"},\"inLanguage\":\"de\",\"potentialAction\":[{\"@type\":\"ReadAction\",\"target\":[\"https:\\\/\\\/w-herr.de\\\/wordpress\\\/impressum\\\/\"]}]},{\"@type\":\"BreadcrumbList\",\"@id\":\"https:\\\/\\\/w-herr.de\\\/wordpress\\\/impressum\\\/#breadcrumb\",\"itemListElement\":[{\"@type\":\"ListItem\",\"position\":1,\"name\":\"Startseite\",\"item\":\"https:\\\/\\\/w-herr.de\\\/wordpress\\\/\"},{\"@type\":\"ListItem\",\"position\":2,\"name\":\"Impressum\"}]},{\"@type\":\"WebSite\",\"@id\":\"https:\\\/\\\/w-herr.de\\\/wordpress\\\/#website\",\"url\":\"https:\\\/\\\/w-herr.de\\\/wordpress\\\/\",\"name\":\"Wolfgang Herr\",\"description\":\"...\u00fcber mich und mein Hobby!\",\"publisher\":{\"@id\":\"https:\\\/\\\/w-herr.de\\\/wordpress\\\/#\\\/schema\\\/person\\\/0e7e30d693b1d0375c597541303eae31\"},\"potentialAction\":[{\"@type\":\"SearchAction\",\"target\":{\"@type\":\"EntryPoint\",\"urlTemplate\":\"https:\\\/\\\/w-herr.de\\\/wordpress\\\/?s={search_term_string}\"},\"query-input\":{\"@type\":\"PropertyValueSpecification\",\"valueRequired\":true,\"valueName\":\"search_term_string\"}}],\"inLanguage\":\"de\"},{\"@type\":[\"Person\",\"Organization\"],\"@id\":\"https:\\\/\\\/w-herr.de\\\/wordpress\\\/#\\\/schema\\\/person\\\/0e7e30d693b1d0375c597541303eae31\",\"name\":\"Wolfgang Herr\",\"image\":{\"@type\":\"ImageObject\",\"inLanguage\":\"de\",\"@id\":\"https:\\\/\\\/w-herr.de\\\/wordpress\\\/wp-content\\\/uploads\\\/2020\\\/03\\\/cropped-cropped-Img001-2-150x1501-1.jpg\",\"url\":\"https:\\\/\\\/w-herr.de\\\/wordpress\\\/wp-content\\\/uploads\\\/2020\\\/03\\\/cropped-cropped-Img001-2-150x1501-1.jpg\",\"contentUrl\":\"https:\\\/\\\/w-herr.de\\\/wordpress\\\/wp-content\\\/uploads\\\/2020\\\/03\\\/cropped-cropped-Img001-2-150x1501-1.jpg\",\"width\":150,\"height\":150,\"caption\":\"Wolfgang Herr\"},\"logo\":{\"@id\":\"https:\\\/\\\/w-herr.de\\\/wordpress\\\/wp-content\\\/uploads\\\/2020\\\/03\\\/cropped-cropped-Img001-2-150x1501-1.jpg\"},\"description\":\"Westhausen an der Nesse bei Gotha.\",\"sameAs\":[\"http:\\\/\\\/w-herr.de\"]}]}<\/script>\n<!-- \/ Yoast SEO plugin. -->","yoast_head_json":{"title":"Impressum | Wolfgang Herr","description":"Wolfgang Herr - \u00fcber mich und mein Hobby!","robots":{"index":"index","follow":"follow","max-snippet":"max-snippet:-1","max-image-preview":"max-image-preview:large","max-video-preview":"max-video-preview:-1"},"canonical":"https:\/\/w-herr.de\/wordpress\/impressum\/","og_locale":"de_DE","og_type":"article","og_title":"Impressum | Wolfgang Herr","og_description":"Wolfgang Herr - \u00fcber mich und mein Hobby!","og_url":"https:\/\/w-herr.de\/wordpress\/impressum\/","og_site_name":"Wolfgang Herr","article_modified_time":"2020-05-27T20:43:38+00:00","twitter_misc":{"Gesch\u00e4tzte Lesezeit":"2\u00a0Minuten"},"schema":{"@context":"https:\/\/schema.org","@graph":[{"@type":"WebPage","@id":"https:\/\/w-herr.de\/wordpress\/impressum\/","url":"https:\/\/w-herr.de\/wordpress\/impressum\/","name":"Impressum | Wolfgang Herr","isPartOf":{"@id":"https:\/\/w-herr.de\/wordpress\/#website"},"datePublished":"2013-11-06T00:43:15+00:00","dateModified":"2020-05-27T20:43:38+00:00","description":"Wolfgang Herr - \u00fcber mich und mein Hobby!","breadcrumb":{"@id":"https:\/\/w-herr.de\/wordpress\/impressum\/#breadcrumb"},"inLanguage":"de","potentialAction":[{"@type":"ReadAction","target":["https:\/\/w-herr.de\/wordpress\/impressum\/"]}]},{"@type":"BreadcrumbList","@id":"https:\/\/w-herr.de\/wordpress\/impressum\/#breadcrumb","itemListElement":[{"@type":"ListItem","position":1,"name":"Startseite","item":"https:\/\/w-herr.de\/wordpress\/"},{"@type":"ListItem","position":2,"name":"Impressum"}]},{"@type":"WebSite","@id":"https:\/\/w-herr.de\/wordpress\/#website","url":"https:\/\/w-herr.de\/wordpress\/","name":"Wolfgang Herr","description":"...\u00fcber mich und mein Hobby!","publisher":{"@id":"https:\/\/w-herr.de\/wordpress\/#\/schema\/person\/0e7e30d693b1d0375c597541303eae31"},"potentialAction":[{"@type":"SearchAction","target":{"@type":"EntryPoint","urlTemplate":"https:\/\/w-herr.de\/wordpress\/?s={search_term_string}"},"query-input":{"@type":"PropertyValueSpecification","valueRequired":true,"valueName":"search_term_string"}}],"inLanguage":"de"},{"@type":["Person","Organization"],"@id":"https:\/\/w-herr.de\/wordpress\/#\/schema\/person\/0e7e30d693b1d0375c597541303eae31","name":"Wolfgang Herr","image":{"@type":"ImageObject","inLanguage":"de","@id":"https:\/\/w-herr.de\/wordpress\/wp-content\/uploads\/2020\/03\/cropped-cropped-Img001-2-150x1501-1.jpg","url":"https:\/\/w-herr.de\/wordpress\/wp-content\/uploads\/2020\/03\/cropped-cropped-Img001-2-150x1501-1.jpg","contentUrl":"https:\/\/w-herr.de\/wordpress\/wp-content\/uploads\/2020\/03\/cropped-cropped-Img001-2-150x1501-1.jpg","width":150,"height":150,"caption":"Wolfgang Herr"},"logo":{"@id":"https:\/\/w-herr.de\/wordpress\/wp-content\/uploads\/2020\/03\/cropped-cropped-Img001-2-150x1501-1.jpg"},"description":"Westhausen an der Nesse bei Gotha.","sameAs":["http:\/\/w-herr.de"]}]}},"jetpack_sharing_enabled":true,"_links":{"self":[{"href":"https:\/\/w-herr.de\/wordpress\/wp-json\/wp\/v2\/pages\/43","targetHints":{"allow":["GET"]}}],"collection":[{"href":"https:\/\/w-herr.de\/wordpress\/wp-json\/wp\/v2\/pages"}],"about":[{"href":"https:\/\/w-herr.de\/wordpress\/wp-json\/wp\/v2\/types\/page"}],"author":[{"embeddable":true,"href":"https:\/\/w-herr.de\/wordpress\/wp-json\/wp\/v2\/users\/1"}],"replies":[{"embeddable":true,"href":"https:\/\/w-herr.de\/wordpress\/wp-json\/wp\/v2\/comments?post=43"}],"version-history":[{"count":7,"href":"https:\/\/w-herr.de\/wordpress\/wp-json\/wp\/v2\/pages\/43\/revisions"}],"predecessor-version":[{"id":955,"href":"https:\/\/w-herr.de\/wordpress\/wp-json\/wp\/v2\/pages\/43\/revisions\/955"}],"wp:attachment":[{"href":"https:\/\/w-herr.de\/wordpress\/wp-json\/wp\/v2\/media?parent=43"}],"curies":[{"name":"wp","href":"https:\/\/api.w.org\/{rel}","templated":true}]}}